{"id":3076,"date":"2019-01-17T14:29:59","date_gmt":"2019-01-17T14:29:59","guid":{"rendered":"https:\/\/sesame.realtyna.com\/for-sale\/"},"modified":"2019-01-17T14:29:59","modified_gmt":"2019-01-17T14:29:59","slug":"for-sale-2","status":"publish","type":"page","link":"https:\/\/aldiwanre.com\/index.php\/for-sale-2\/","title":{"rendered":"For Sale"},"content":{"rendered":"<div class=\"wpl_property_listing_container \" id=\"wpl_property_listing_container\">\r\n\t    \r\n        \r\n        <div class=\"wpl_property_listing_list_view_container\">\r\n        \r\n<div class=\"wpl_sort_options_container\">\r\n\r\n            <div class=\"wpl_sort_options_container_title\">Sort Option<\/div>\r\n        <div class=\"wpl-sort-options-list active \"><ul><li><div class=\"wpl_plist_sort wpl_plist_sort_active sort_down\" onclick=\"wpl_page_sortchange('wplorderby=p.mls_id&amp;wplorder=ASC');\">Listing ID<\/div><\/li><li><div class=\"wpl_plist_sort\" onclick=\"wpl_page_sortchange('wplorderby=p.living_area_si&amp;wplorder=DESC');\">Built up Area<\/div><\/li><li><div class=\"wpl_plist_sort\" onclick=\"wpl_page_sortchange('wplorderby=p.price_si&amp;wplorder=DESC');\">Price<\/div><\/li><li><div class=\"wpl_plist_sort\" onclick=\"wpl_page_sortchange('wplorderby=p.pic_numb&amp;wplorder=DESC');\">Pictures<\/div><\/li><li><div class=\"wpl_plist_sort\" onclick=\"wpl_page_sortchange('wplorderby=p.add_date&amp;wplorder=DESC');\">Add date<\/div><\/li><li><div class=\"wpl_plist_sort\" onclick=\"wpl_page_sortchange('wplorderby=p.sp_featured&amp;wplorder=DESC');\">Featured<\/div><\/li><\/ul><\/div>\r\n        <span class=\"wpl-sort-options-selectbox  wpl-util-hidden\"><select class=\"wpl_plist_sort\" onchange=\"wpl_page_sortchange(this.value);\"><option value=\"wplorderby=p.mls_id&amp;wplorder=DESC\" selected=\"selected\">Listing ID descending<\/option><option value=\"wplorderby=p.mls_id&amp;wplorder=ASC\" >Listing ID ascending<\/option><option value=\"wplorderby=p.living_area_si&amp;wplorder=DESC\" >Built up Area descending<\/option><option value=\"wplorderby=p.living_area_si&amp;wplorder=ASC\" >Built up Area ascending<\/option><option value=\"wplorderby=p.price_si&amp;wplorder=DESC\" >Price descending<\/option><option value=\"wplorderby=p.price_si&amp;wplorder=ASC\" >Price ascending<\/option><option value=\"wplorderby=p.pic_numb&amp;wplorder=DESC\" >Pictures descending<\/option><option value=\"wplorderby=p.pic_numb&amp;wplorder=ASC\" >Pictures ascending<\/option><option value=\"wplorderby=p.add_date&amp;wplorder=DESC\" >Add date descending<\/option><option value=\"wplorderby=p.add_date&amp;wplorder=ASC\" >Add date ascending<\/option><option value=\"wplorderby=p.sp_featured&amp;wplorder=DESC\" >Featured descending<\/option><option value=\"wplorderby=p.sp_featured&amp;wplorder=ASC\" >Featured ascending<\/option><\/select><\/span>\r\n        \r\n        <div class=\"wpl_list_grid_switcher \">\r\n        <div id=\"grid_view\" class=\"wpl-tooltip-top grid_view active\">\r\n                    <\/div>\r\n                    <div class=\"wpl-util-hidden\">Grid<\/div>\r\n        \r\n        <div id=\"list_view\" class=\"wpl-tooltip-top list_view \">\r\n                    <\/div>\r\n                    <div class=\"wpl-util-hidden\">List<\/div>\r\n        \r\n            <\/div>\r\n    \r\n        \r\n        \r\n        \r\n    <\/div>\r\n\r\n<div class=\"wpl-row wpl-expanded wpl-small-up-1 wpl-medium-up-2 wpl-large-up-3  wpl_property_listing_listings_container clearfix\">\r\n\r\n    \r\n    \t<div class=\"wpl-column\">\r\n\t\t<div class=\"wpl_prp_cont wpl_prp_cont_old\r\n\t\t\tgrid_box\"\r\n\t\t\t id=\"wpl_prp_cont12\"\r\n\t\t\t  >\r\n\t\t\t<div class=\"wpl_prp_top\">\r\n\t\t\t\t<div class=\"wpl_prp_top_boxes front\">\r\n\t\t\t\t\t<div class=\"wpl_gallery_container\" id=\"wpl_gallery_container12\">\r\n    <a class=\"noHover\" href=\"https:\/\/aldiwanre.com\/index.php\/properties\/12-Villa-Sile-Istanbul-Rhode-Island-5-Rooms-4-Bedrooms-2-Bathrooms-USD400-000\/\"><img decoding=\"async\"  id=\"wpl_gallery_image12\" src=\"https:\/\/aldiwanre.com\/wp-content\/uploads\/WPL\/12\/thimg_Sile-2_350xauto.jpg\" class=\" wpl_gallery_image \" alt=\"Sile, Istanbul, Rhode Island, 4 Bedrooms Bedrooms, 5 Rooms Rooms,2 BathroomsBathrooms,Villa,For Sale,Sile,1011\" title=\"Sile, Istanbul, Rhode Island, 4 Bedrooms Bedrooms, 5 Rooms Rooms,2 BathroomsBathrooms,Villa,For Sale,Sile,1011\" width=\"350\" height=\"auto\" style=\"width: 350px; height: autopx;\" \/><\/a>    <div class=\"wpl-listing-tags-wp\">\r\n        <div class=\"wpl-listing-tags-cnt\">\r\n            <div class=\"wpl-listing-tag sp_hot\">Hot Offer<\/div>        <\/div>\r\n    <\/div>\r\n\t<\/div>\t\t\t\t<\/div>\r\n\t\t\t\t<div class=\"wpl_prp_top_boxes back\">\r\n\t\t\t\t\t<a  id=\"prp_link_id_12\" href=\"https:\/\/aldiwanre.com\/index.php\/properties\/12-Villa-Sile-Istanbul-Rhode-Island-5-Rooms-4-Bedrooms-2-Bathrooms-USD400-000\/\" class=\"view_detail\">More Details<\/a>\r\n\t\t\t\t<\/div>\r\n\t\t\t<\/div>\r\n\t\t\t<div class=\"wpl_prp_bot\">\r\n\r\n\t\t\t\t<a id=\"prp_link_id_12_view_detail\" href=\"https:\/\/aldiwanre.com\/index.php\/properties\/12-Villa-Sile-Istanbul-Rhode-Island-5-Rooms-4-Bedrooms-2-Bathrooms-USD400-000\/\" class=\"view_detail\" title=\"Apartments & Villas in Sile\">\r\n\t\t\t\t\t<h3 class=\"wpl_prp_title\"\t > Apartments & Villas in Sile<\/h3>\r\n\t\t\t\t<\/a>\r\n\r\n\t\t\t\t\t\t\t\t<h4 class=\"wpl_prp_listing_location\"><span   ><span >Sile, Istanbul, Rhode Island<\/span><\/span><\/h4>\r\n\t\t\t\t\t\t\t\t<div class=\"wpl_prp_listing_icon_box\">\r\n\t\t\t\t\t<div class=\"bedroom\"><span class=\"value\">4<\/span><span class=\"name\">Bedroom(s)<\/span><\/div><div class=\"bathroom\"><span class=\"value\">2<\/span><span class=\"name\">Bathroom(s)<\/span><\/div><div class=\"parking\"><span class=\"value\">1<\/span><span class=\"name\">Parking(s)<\/span><\/div><div class=\"pic_count\"><span class=\"value\">1<\/span><span class=\"name\">Picture(s)<\/span><\/div><div class=\"built_up_area\">188<span>m&sup2;<\/span><\/div>\t\t\t\t\t\t\t\t\t<\/div>\r\n\t\t\t\t<div class=\"wpl_prp_desc\" >It is located in the \u015eile district of the Asian side of Istanbul. The project was built on a land area of 4278 square meters, and it consists of 20 buildings, so that the total number of apartments in it is 20 properties, and there are currently 4 + 2 villas with an area of 188 square meters.<\/div>\r\n\t\t\t<\/div>\r\n\t\t\t<div class=\"price_box\"  >\r\n\t\t\t\t<span >$400,000<\/span>\r\n\t\t\t<\/div>\r\n\r\n\t\t\t\t\t<\/div>\r\n\t<\/div>\r\n\t\t<div class=\"wpl-column\">\r\n\t\t<div class=\"wpl_prp_cont wpl_prp_cont_old\r\n\t\t\tgrid_box\"\r\n\t\t\t id=\"wpl_prp_cont11\"\r\n\t\t\t  >\r\n\t\t\t<div class=\"wpl_prp_top\">\r\n\t\t\t\t<div class=\"wpl_prp_top_boxes front\">\r\n\t\t\t\t\t<div class=\"wpl_gallery_container\" id=\"wpl_gallery_container11\">\r\n    <a class=\"noHover\" href=\"https:\/\/aldiwanre.com\/index.php\/properties\/11-Villa-Beylikd%C3%BCz%C3%BC-Istanbul-Utah-3-Rooms-3-Bedrooms-2-Bathrooms-USD500-000\/\"><img decoding=\"async\"  id=\"wpl_gallery_image11\" src=\"https:\/\/aldiwanre.com\/wp-content\/uploads\/WPL\/11\/thimg_Beylikd\u00fcz\u00fc_350xauto.jpg\" class=\" wpl_gallery_image \" alt=\"Beylikd\u00fcz\u00fc, Istanbul, Utah, 3 Bedrooms Bedrooms, 3 Rooms Rooms,2 BathroomsBathrooms,Villa,For Sale,Beylikd\u00fcz\u00fc,1010\" title=\"Beylikd\u00fcz\u00fc, Istanbul, Utah, 3 Bedrooms Bedrooms, 3 Rooms Rooms,2 BathroomsBathrooms,Villa,For Sale,Beylikd\u00fcz\u00fc,1010\" width=\"350\" height=\"auto\" style=\"width: 350px; height: autopx;\" \/><\/a>    <div class=\"wpl-listing-tags-wp\">\r\n        <div class=\"wpl-listing-tags-cnt\">\r\n            <div class=\"wpl-listing-tag sp_hot\">Hot Offer<\/div>        <\/div>\r\n    <\/div>\r\n\t<\/div>\t\t\t\t<\/div>\r\n\t\t\t\t<div class=\"wpl_prp_top_boxes back\">\r\n\t\t\t\t\t<a  id=\"prp_link_id_11\" href=\"https:\/\/aldiwanre.com\/index.php\/properties\/11-Villa-Beylikd%C3%BCz%C3%BC-Istanbul-Utah-3-Rooms-3-Bedrooms-2-Bathrooms-USD500-000\/\" class=\"view_detail\">More Details<\/a>\r\n\t\t\t\t<\/div>\r\n\t\t\t<\/div>\r\n\t\t\t<div class=\"wpl_prp_bot\">\r\n\r\n\t\t\t\t<a id=\"prp_link_id_11_view_detail\" href=\"https:\/\/aldiwanre.com\/index.php\/properties\/11-Villa-Beylikd%C3%BCz%C3%BC-Istanbul-Utah-3-Rooms-3-Bedrooms-2-Bathrooms-USD500-000\/\" class=\"view_detail\" title=\"Villas in Beylikd\u00fcz\u00fc \">\r\n\t\t\t\t\t<h3 class=\"wpl_prp_title\"\t > Villas in Beylikd\u00fcz\u00fc <\/h3>\r\n\t\t\t\t<\/a>\r\n\r\n\t\t\t\t\t\t\t\t<h4 class=\"wpl_prp_listing_location\"><span   ><span >Beylikd\u00fcz\u00fc, Istanbul, Utah<\/span><\/span><\/h4>\r\n\t\t\t\t\t\t\t\t<div class=\"wpl_prp_listing_icon_box\">\r\n\t\t\t\t\t<div class=\"bedroom\"><span class=\"value\">3<\/span><span class=\"name\">Bedroom(s)<\/span><\/div><div class=\"bathroom\"><span class=\"value\">2<\/span><span class=\"name\">Bathroom(s)<\/span><\/div><div class=\"pic_count\"><span class=\"value\">8<\/span><span class=\"name\">Picture(s)<\/span><\/div><div class=\"built_up_area\">200<span>m&sup2;<\/span><\/div>\t\t\t\t\t\t\t\t\t<\/div>\r\n\t\t\t\t<div class=\"wpl_prp_desc\" >The project is located in Beylikd\u00fcz\u00fc district within the European section of Istanbul. The project was built on a land area of 12,500 square meters, and it consists of 10 blocks, so that the total number of villas in it is 10 properties, and there are currently options for villas starting from 3 + 2 to 6 + 2, so that the spaces start from 200 square meters to 995 square meters .<\/div>\r\n\t\t\t<\/div>\r\n\t\t\t<div class=\"price_box\"  >\r\n\t\t\t\t<span >$500,000<\/span>\r\n\t\t\t<\/div>\r\n\r\n\t\t\t\t\t<\/div>\r\n\t<\/div>\r\n\t\t<div class=\"wpl-column\">\r\n\t\t<div class=\"wpl_prp_cont wpl_prp_cont_old\r\n\t\t\tgrid_box\"\r\n\t\t\t id=\"wpl_prp_cont10\"\r\n\t\t\t  >\r\n\t\t\t<div class=\"wpl_prp_top\">\r\n\t\t\t\t<div class=\"wpl_prp_top_boxes front\">\r\n\t\t\t\t\t<div class=\"wpl_gallery_container\" id=\"wpl_gallery_container10\">\r\n    <a class=\"noHover\" href=\"https:\/\/aldiwanre.com\/index.php\/properties\/10-Villa-Kocaali-Istanvul-Minor-Outlying-Islands-6-Rooms-4-Bedrooms-3-Bathrooms-USD580-000\/\"><img decoding=\"async\"  id=\"wpl_gallery_image10\" src=\"https:\/\/aldiwanre.com\/wp-content\/uploads\/WPL\/10\/thimg_Kocaali_350xauto.jpg\" class=\" wpl_gallery_image \" alt=\"Kocaali, Istanvul, Minor Outlying Islands, 4 Bedrooms Bedrooms, 6 Rooms Rooms,3 BathroomsBathrooms,Villa,For Sale,Kocaali,1009\" title=\"Kocaali, Istanvul, Minor Outlying Islands, 4 Bedrooms Bedrooms, 6 Rooms Rooms,3 BathroomsBathrooms,Villa,For Sale,Kocaali,1009\" width=\"350\" height=\"auto\" style=\"width: 350px; height: autopx;\" \/><\/a>    <div class=\"wpl-listing-tags-wp\">\r\n        <div class=\"wpl-listing-tags-cnt\">\r\n            <div class=\"wpl-listing-tag sp_featured\">Featured<\/div><div class=\"wpl-listing-tag sp_hot\">Hot Offer<\/div>        <\/div>\r\n    <\/div>\r\n\t<\/div>\t\t\t\t<\/div>\r\n\t\t\t\t<div class=\"wpl_prp_top_boxes back\">\r\n\t\t\t\t\t<a  id=\"prp_link_id_10\" href=\"https:\/\/aldiwanre.com\/index.php\/properties\/10-Villa-Kocaali-Istanvul-Minor-Outlying-Islands-6-Rooms-4-Bedrooms-3-Bathrooms-USD580-000\/\" class=\"view_detail\">More Details<\/a>\r\n\t\t\t\t<\/div>\r\n\t\t\t<\/div>\r\n\t\t\t<div class=\"wpl_prp_bot\">\r\n\r\n\t\t\t\t<a id=\"prp_link_id_10_view_detail\" href=\"https:\/\/aldiwanre.com\/index.php\/properties\/10-Villa-Kocaali-Istanvul-Minor-Outlying-Islands-6-Rooms-4-Bedrooms-3-Bathrooms-USD580-000\/\" class=\"view_detail\" title=\"Villas in Kocaali\">\r\n\t\t\t\t\t<h3 class=\"wpl_prp_title\"\t > Villas in Kocaali<\/h3>\r\n\t\t\t\t<\/a>\r\n\r\n\t\t\t\t\t\t\t\t<h4 class=\"wpl_prp_listing_location\"><span   ><span >Kocaali, Istanvul, Minor Outlying Islands<\/span><\/span><\/h4>\r\n\t\t\t\t\t\t\t\t<div class=\"wpl_prp_listing_icon_box\">\r\n\t\t\t\t\t<div class=\"bedroom\"><span class=\"value\">4<\/span><span class=\"name\">Bedroom(s)<\/span><\/div><div class=\"bathroom\"><span class=\"value\">3<\/span><span class=\"name\">Bathroom(s)<\/span><\/div><div class=\"pic_count\"><span class=\"value\">6<\/span><span class=\"name\">Picture(s)<\/span><\/div><div class=\"built_up_area\">400<span>m&sup2;<\/span><\/div>\t\t\t\t\t\t\t\t\t<\/div>\r\n\t\t\t\t<div class=\"wpl_prp_desc\" >The project is located in the Kocaali district within the Asian section of Istanbul. The project was built on a land area of 2560 square meters, and it consists of 6 buildings, so that the total number of apartments in it is 6 properties.<\/div>\r\n\t\t\t<\/div>\r\n\t\t\t<div class=\"price_box\"  >\r\n\t\t\t\t<span >$580,000<\/span>\r\n\t\t\t<\/div>\r\n\r\n\t\t\t\t\t<\/div>\r\n\t<\/div>\r\n\t\t<div class=\"wpl-column\">\r\n\t\t<div class=\"wpl_prp_cont wpl_prp_cont_old\r\n\t\t\tgrid_box\"\r\n\t\t\t id=\"wpl_prp_cont9\"\r\n\t\t\t  >\r\n\t\t\t<div class=\"wpl_prp_top\">\r\n\t\t\t\t<div class=\"wpl_prp_top_boxes front\">\r\n\t\t\t\t\t<div class=\"wpl_gallery_container\" id=\"wpl_gallery_container9\">\r\n    <a class=\"noHover\" href=\"https:\/\/aldiwanre.com\/index.php\/properties\/9-Apartment-Esenyurt-Istanbul-Wisconsin-4-Rooms-1-Bathroom-USD40-000\/\"><img decoding=\"async\"  id=\"wpl_gallery_image9\" src=\"https:\/\/aldiwanre.com\/wp-content\/uploads\/WPL\/9\/thimg_Esenyurt_350xauto.jpg\" class=\" wpl_gallery_image \" alt=\"Esenyurt, Istanbul, Wisconsin, 4 Rooms Rooms,1 BathroomBathrooms,Apartment,For Sale,Esenyurt,1008\" title=\"Esenyurt, Istanbul, Wisconsin, 4 Rooms Rooms,1 BathroomBathrooms,Apartment,For Sale,Esenyurt,1008\" width=\"350\" height=\"auto\" style=\"width: 350px; height: autopx;\" \/><\/a>    <div class=\"wpl-listing-tags-wp\">\r\n        <div class=\"wpl-listing-tags-cnt\">\r\n            <div class=\"wpl-listing-tag sp_featured\">Featured<\/div>        <\/div>\r\n    <\/div>\r\n\t<\/div>\t\t\t\t<\/div>\r\n\t\t\t\t<div class=\"wpl_prp_top_boxes back\">\r\n\t\t\t\t\t<a  id=\"prp_link_id_9\" href=\"https:\/\/aldiwanre.com\/index.php\/properties\/9-Apartment-Esenyurt-Istanbul-Wisconsin-4-Rooms-1-Bathroom-USD40-000\/\" class=\"view_detail\">More Details<\/a>\r\n\t\t\t\t<\/div>\r\n\t\t\t<\/div>\r\n\t\t\t<div class=\"wpl_prp_bot\">\r\n\r\n\t\t\t\t<a id=\"prp_link_id_9_view_detail\" href=\"https:\/\/aldiwanre.com\/index.php\/properties\/9-Apartment-Esenyurt-Istanbul-Wisconsin-4-Rooms-1-Bathroom-USD40-000\/\" class=\"view_detail\" title=\"Apartments in Esenyurt \">\r\n\t\t\t\t\t<h3 class=\"wpl_prp_title\"\t > Apartments in Esenyurt <\/h3>\r\n\t\t\t\t<\/a>\r\n\r\n\t\t\t\t\t\t\t\t<h4 class=\"wpl_prp_listing_location\"><span   ><span >Esenyurt, Istanbul, Wisconsin<\/span><\/span><\/h4>\r\n\t\t\t\t\t\t\t\t<div class=\"wpl_prp_listing_icon_box\">\r\n\t\t\t\t\t<div class=\"bathroom\"><span class=\"value\">1<\/span><span class=\"name\">Bathroom(s)<\/span><\/div><div class=\"pic_count\"><span class=\"value\">7<\/span><span class=\"name\">Picture(s)<\/span><\/div><div class=\"built_up_area\">31<span>m&sup2;<\/span><\/div>\t\t\t\t\t\t\t\t\t<\/div>\r\n\t\t\t\t<div class=\"wpl_prp_desc\" >The project is located in Esenyurt district within the European section of Istanbul.<\/div>\r\n\t\t\t<\/div>\r\n\t\t\t<div class=\"price_box\"  >\r\n\t\t\t\t<span >$40,000<\/span>\r\n\t\t\t<\/div>\r\n\r\n\t\t\t\t\t<\/div>\r\n\t<\/div>\r\n\t\t<div class=\"wpl-column\">\r\n\t\t<div class=\"wpl_prp_cont wpl_prp_cont_old\r\n\t\t\tgrid_box\"\r\n\t\t\t id=\"wpl_prp_cont8\"\r\n\t\t\t  >\r\n\t\t\t<div class=\"wpl_prp_top\">\r\n\t\t\t\t<div class=\"wpl_prp_top_boxes front\">\r\n\t\t\t\t\t<div class=\"wpl_gallery_container\" id=\"wpl_gallery_container8\">\r\n    <a class=\"noHover\" href=\"https:\/\/aldiwanre.com\/index.php\/properties\/8-Apartment-0-Ayub-Sultan-Istanbul-Louisiana-6-Rooms-2-Bedrooms-1-Bathroom-USD280-000\/\"><img decoding=\"async\"  id=\"wpl_gallery_image8\" src=\"https:\/\/aldiwanre.com\/wp-content\/uploads\/WPL\/8\/thimg_Ayub-Sultan_350xauto.jpg\" class=\" wpl_gallery_image \" alt=\"0 Ayub Sultan, Istanbul, Louisiana, 2 Bedrooms Bedrooms, 6 Rooms Rooms,1 BathroomBathrooms,Apartment,For Sale,Ayub Sultan,1007\" title=\"0 Ayub Sultan, Istanbul, Louisiana, 2 Bedrooms Bedrooms, 6 Rooms Rooms,1 BathroomBathrooms,Apartment,For Sale,Ayub Sultan,1007\" width=\"350\" height=\"auto\" style=\"width: 350px; height: autopx;\" \/><\/a>    <div class=\"wpl-listing-tags-wp\">\r\n        <div class=\"wpl-listing-tags-cnt\">\r\n            <div class=\"wpl-listing-tag sp_openhouse\">Open House<\/div><div class=\"wpl-listing-tag sp_forclosure\">Foreclosure<\/div>        <\/div>\r\n    <\/div>\r\n\t<\/div>\t\t\t\t<\/div>\r\n\t\t\t\t<div class=\"wpl_prp_top_boxes back\">\r\n\t\t\t\t\t<a  id=\"prp_link_id_8\" href=\"https:\/\/aldiwanre.com\/index.php\/properties\/8-Apartment-0-Ayub-Sultan-Istanbul-Louisiana-6-Rooms-2-Bedrooms-1-Bathroom-USD280-000\/\" class=\"view_detail\">More Details<\/a>\r\n\t\t\t\t<\/div>\r\n\t\t\t<\/div>\r\n\t\t\t<div class=\"wpl_prp_bot\">\r\n\r\n\t\t\t\t<a id=\"prp_link_id_8_view_detail\" href=\"https:\/\/aldiwanre.com\/index.php\/properties\/8-Apartment-0-Ayub-Sultan-Istanbul-Louisiana-6-Rooms-2-Bedrooms-1-Bathroom-USD280-000\/\" class=\"view_detail\" title=\"Apartments in Ayup Sultan\">\r\n\t\t\t\t\t<h3 class=\"wpl_prp_title\"\t > Apartments in Ayup Sultan<\/h3>\r\n\t\t\t\t<\/a>\r\n\r\n\t\t\t\t\t\t\t\t<h4 class=\"wpl_prp_listing_location\"><span   ><span >0 Ayub Sultan, Istanbul, Louisiana<\/span><\/span><\/h4>\r\n\t\t\t\t\t\t\t\t<div class=\"wpl_prp_listing_icon_box\">\r\n\t\t\t\t\t<div class=\"bedroom\"><span class=\"value\">2<\/span><span class=\"name\">Bedroom(s)<\/span><\/div><div class=\"bathroom\"><span class=\"value\">1<\/span><span class=\"name\">Bathroom(s)<\/span><\/div><div class=\"pic_count\"><span class=\"value\">8<\/span><span class=\"name\">Picture(s)<\/span><\/div><div class=\"built_up_area\">140<span>m&sup2;<\/span><\/div>\t\t\t\t\t\t\t\t\t<\/div>\r\n\t\t\t\t<div class=\"wpl_prp_desc\" >The project is located in Ayup Sultan district within the European section of Istanbul. The project was built on a land area of 120,000 square meters, and it consists of 27 buildings, so that the total number of properties in it is 593 properties, and there are currently options of real estate starting from 2 + 1 to 5 + 1, so that the spaces start from 102 square meters to 301 square meters.<\/div>\r\n\t\t\t<\/div>\r\n\t\t\t<div class=\"price_box\"  >\r\n\t\t\t\t<span >$280,000<\/span>\r\n\t\t\t<\/div>\r\n\r\n\t\t\t\t\t<\/div>\r\n\t<\/div>\r\n\t\t<div class=\"wpl-column\">\r\n\t\t<div class=\"wpl_prp_cont wpl_prp_cont_old\r\n\t\t\tgrid_box\"\r\n\t\t\t id=\"wpl_prp_cont7\"\r\n\t\t\t  >\r\n\t\t\t<div class=\"wpl_prp_top\">\r\n\t\t\t\t<div class=\"wpl_prp_top_boxes front\">\r\n\t\t\t\t\t<div class=\"wpl_gallery_container\" id=\"wpl_gallery_container7\">\r\n    <a class=\"noHover\" href=\"https:\/\/aldiwanre.com\/index.php\/properties\/7-Apartment-0-B%C3%BCy%C3%BCk%C3%A7ekmece-Istanbul-Oklahoma-8-Rooms-1-Bedroom-1-Bathroom-USD155-000\/\"><img decoding=\"async\"  id=\"wpl_gallery_image7\" src=\"https:\/\/aldiwanre.com\/wp-content\/uploads\/WPL\/7\/thimg_B\u00fcy\u00fck\u00e7ekmece_350xauto.jpg\" class=\" wpl_gallery_image \" alt=\"0 B\u00fcy\u00fck\u00e7ekmece, Istanbul, Oklahoma, 1 Bedroom Bedrooms, 8 Rooms Rooms,1 BathroomBathrooms,Apartment,For Sale,B\u00fcy\u00fck\u00e7ekmece,1006\" title=\"0 B\u00fcy\u00fck\u00e7ekmece, Istanbul, Oklahoma, 1 Bedroom Bedrooms, 8 Rooms Rooms,1 BathroomBathrooms,Apartment,For Sale,B\u00fcy\u00fck\u00e7ekmece,1006\" width=\"350\" height=\"auto\" style=\"width: 350px; height: autopx;\" \/><\/a>    <div class=\"wpl-listing-tags-wp\">\r\n        <div class=\"wpl-listing-tags-cnt\">\r\n            <div class=\"wpl-listing-tag sp_featured\">Featured<\/div><div class=\"wpl-listing-tag sp_hot\">Hot Offer<\/div>        <\/div>\r\n    <\/div>\r\n\t<\/div>\t\t\t\t<\/div>\r\n\t\t\t\t<div class=\"wpl_prp_top_boxes back\">\r\n\t\t\t\t\t<a  id=\"prp_link_id_7\" href=\"https:\/\/aldiwanre.com\/index.php\/properties\/7-Apartment-0-B%C3%BCy%C3%BCk%C3%A7ekmece-Istanbul-Oklahoma-8-Rooms-1-Bedroom-1-Bathroom-USD155-000\/\" class=\"view_detail\">More Details<\/a>\r\n\t\t\t\t<\/div>\r\n\t\t\t<\/div>\r\n\t\t\t<div class=\"wpl_prp_bot\">\r\n\r\n\t\t\t\t<a id=\"prp_link_id_7_view_detail\" href=\"https:\/\/aldiwanre.com\/index.php\/properties\/7-Apartment-0-B%C3%BCy%C3%BCk%C3%A7ekmece-Istanbul-Oklahoma-8-Rooms-1-Bedroom-1-Bathroom-USD155-000\/\" class=\"view_detail\" title=\"Apartments in B\u00fcy\u00fck\u00e7ekmece\">\r\n\t\t\t\t\t<h3 class=\"wpl_prp_title\"\t > Apartments in B\u00fcy\u00fck\u00e7ekmece<\/h3>\r\n\t\t\t\t<\/a>\r\n\r\n\t\t\t\t\t\t\t\t<h4 class=\"wpl_prp_listing_location\"><span   ><span >0 B\u00fcy\u00fck\u00e7ekmece, Istanbul, Oklahoma<\/span><\/span><\/h4>\r\n\t\t\t\t\t\t\t\t<div class=\"wpl_prp_listing_icon_box\">\r\n\t\t\t\t\t<div class=\"bedroom\"><span class=\"value\">1<\/span><span class=\"name\">Bedroom(s)<\/span><\/div><div class=\"bathroom\"><span class=\"value\">1<\/span><span class=\"name\">Bathroom(s)<\/span><\/div><div class=\"pic_count\"><span class=\"value\">5<\/span><span class=\"name\">Picture(s)<\/span><\/div><div class=\"built_up_area\">71<span>m&sup2;<\/span><\/div>\t\t\t\t\t\t\t\t\t<\/div>\r\n\t\t\t\t<div class=\"wpl_prp_desc\" >The project is located in the B\u00fcy\u00fck\u00e7ekmece district within the European section of Istanbul. The project was built on a land area of 16,000 square meters, and it consists of 4 buildings, so that the total number of apartments in it is 253 properties, and there are currently options of real estate starting from 1 + 1 to 4 + 1, so that the spaces start from 72 square meters to 198 square meters.<\/div>\r\n\t\t\t<\/div>\r\n\t\t\t<div class=\"price_box\"  >\r\n\t\t\t\t<span >$155,000<\/span>\r\n\t\t\t<\/div>\r\n\r\n\t\t\t\t\t<\/div>\r\n\t<\/div>\r\n\t\t<div class=\"wpl-column\">\r\n\t\t<div class=\"wpl_prp_cont wpl_prp_cont_old\r\n\t\t\tgrid_box\"\r\n\t\t\t id=\"wpl_prp_cont6\"\r\n\t\t\t  >\r\n\t\t\t<div class=\"wpl_prp_top\">\r\n\t\t\t\t<div class=\"wpl_prp_top_boxes front\">\r\n\t\t\t\t\t<div class=\"wpl_gallery_container\" id=\"wpl_gallery_container6\">\r\n    <a class=\"noHover\" href=\"https:\/\/aldiwanre.com\/index.php\/properties\/6-Apartment-616-Samantha-Walk-Istanbul-Florida-6-Rooms-2-Bedrooms-1-Bathroom-USD187-000\/\"><img decoding=\"async\"  id=\"wpl_gallery_image6\" src=\"https:\/\/aldiwanre.com\/wp-content\/uploads\/WPL\/6\/thimg_Buyukcekmece_350xauto.jpg\" class=\" wpl_gallery_image \" alt=\"616 Samantha Walk, Istanbul, Florida, 2 Bedrooms Bedrooms, 6 Rooms Rooms,1 BathroomBathrooms,Apartment,For Sale,Samantha Walk,1005\" title=\"616 Samantha Walk, Istanbul, Florida, 2 Bedrooms Bedrooms, 6 Rooms Rooms,1 BathroomBathrooms,Apartment,For Sale,Samantha Walk,1005\" width=\"350\" height=\"auto\" style=\"width: 350px; height: autopx;\" \/><\/a>    <div class=\"wpl-listing-tags-wp\">\r\n        <div class=\"wpl-listing-tags-cnt\">\r\n                    <\/div>\r\n    <\/div>\r\n\t<\/div>\t\t\t\t<\/div>\r\n\t\t\t\t<div class=\"wpl_prp_top_boxes back\">\r\n\t\t\t\t\t<a  id=\"prp_link_id_6\" href=\"https:\/\/aldiwanre.com\/index.php\/properties\/6-Apartment-616-Samantha-Walk-Istanbul-Florida-6-Rooms-2-Bedrooms-1-Bathroom-USD187-000\/\" class=\"view_detail\">More Details<\/a>\r\n\t\t\t\t<\/div>\r\n\t\t\t<\/div>\r\n\t\t\t<div class=\"wpl_prp_bot\">\r\n\r\n\t\t\t\t<a id=\"prp_link_id_6_view_detail\" href=\"https:\/\/aldiwanre.com\/index.php\/properties\/6-Apartment-616-Samantha-Walk-Istanbul-Florida-6-Rooms-2-Bedrooms-1-Bathroom-USD187-000\/\" class=\"view_detail\" title=\"Apartments in Buyukcekmece\">\r\n\t\t\t\t\t<h3 class=\"wpl_prp_title\"\t > Apartments in Buyukcekmece<\/h3>\r\n\t\t\t\t<\/a>\r\n\r\n\t\t\t\t\t\t\t\t<h4 class=\"wpl_prp_listing_location\"><span   ><span >616 Samantha Walk, Istanbul, Florida<\/span><\/span><\/h4>\r\n\t\t\t\t\t\t\t\t<div class=\"wpl_prp_listing_icon_box\">\r\n\t\t\t\t\t<div class=\"bedroom\"><span class=\"value\">2<\/span><span class=\"name\">Bedroom(s)<\/span><\/div><div class=\"bathroom\"><span class=\"value\">1<\/span><span class=\"name\">Bathroom(s)<\/span><\/div><div class=\"pic_count\"><span class=\"value\">7<\/span><span class=\"name\">Picture(s)<\/span><\/div><div class=\"built_up_area\">100<span>m&sup2;<\/span><\/div>\t\t\t\t\t\t\t\t\t<\/div>\r\n\t\t\t\t<div class=\"wpl_prp_desc\" >The project is located in Buyukcekmece district within the European section of Istanbul. The project was built on a land area of 4000 square meters, and it consists of 2 buildings, with a total number of apartments in it 120 apartments, and there are currently options of real estate starting from 2 + 1 to 5 + 1, so that the spaces start from 100 square meters to 234 square meters.<\/div>\r\n\t\t\t<\/div>\r\n\t\t\t<div class=\"price_box\"  >\r\n\t\t\t\t<span >$187,000<\/span>\r\n\t\t\t<\/div>\r\n\r\n\t\t\t\t\t<\/div>\r\n\t<\/div>\r\n\t\r\n<\/div>\r\n\r\n<div class=\"wpl_pagination_container\">\r\n    <ul class=\"pagination\"><\/ul>\n<span class=\"wpl_total_result\">7 Results returned.<\/span><span class=\"wpl_page_size\"><span class=\"wpl_page_size_title\">Per Page <\/span><select class=\"wpl_page_size_options\" onchange=\"wpl_pagesize_changed(this.value);\"><option value=\"6\" >6<\/option><option value=\"12\" selected=\"selected\">12<\/option><option value=\"18\" >18<\/option><option value=\"24\" >24<\/option><option value=\"30\" >30<\/option><option value=\"100\" >100<\/option><\/select><\/span><\/div>\r\n    <\/div>\r\n    \r\n        <div id=\"wpl_plisting_lightbox_content_container\" class=\"wpl-util-hidden\"><\/div>\r\n\r\n        <a id=\"wpl_favorites_lightbox\" class=\"wpl-util-hidden\" data-realtyna-href=\"#wpl_plisting_lightbox_content_container\" data-realtyna-lightbox-opts=\"title:Login to continue\"><\/a>\r\n\r\n<\/div>\r\n\r\n\r\n\n","protected":false},"excerpt":{"rendered":"","protected":false},"author":1,"featured_media":0,"parent":0,"menu_order":0,"comment_status":"closed","ping_status":"closed","template":"","meta":{"_monsterinsights_skip_tracking":false,"_monsterinsights_sitenote_active":false,"_monsterinsights_sitenote_note":"","_monsterinsights_sitenote_category":0,"footnotes":""},"aioseo_notices":[],"_links":{"self":[{"href":"https:\/\/aldiwanre.com\/index.php\/wp-json\/wp\/v2\/pages\/3076"}],"collection":[{"href":"https:\/\/aldiwanre.com\/index.php\/wp-json\/wp\/v2\/pages"}],"about":[{"href":"https:\/\/aldiwanre.com\/index.php\/wp-json\/wp\/v2\/types\/page"}],"author":[{"embeddable":true,"href":"https:\/\/aldiwanre.com\/index.php\/wp-json\/wp\/v2\/users\/1"}],"replies":[{"embeddable":true,"href":"https:\/\/aldiwanre.com\/index.php\/wp-json\/wp\/v2\/comments?post=3076"}],"version-history":[{"count":0,"href":"https:\/\/aldiwanre.com\/index.php\/wp-json\/wp\/v2\/pages\/3076\/revisions"}],"wp:attachment":[{"href":"https:\/\/aldiwanre.com\/index.php\/wp-json\/wp\/v2\/media?parent=3076"}],"curies":[{"name":"wp","href":"https:\/\/api.w.org\/{rel}","templated":true}]}}